
{"id":964,"date":"2018-07-19T10:39:38","date_gmt":"2018-07-19T10:39:38","guid":{"rendered":"https:\/\/sherpagranada.com\/blog\/?page_id=964"},"modified":"2018-09-25T09:22:17","modified_gmt":"2018-09-25T09:22:17","slug":"carlos-soria","status":"publish","type":"page","link":"https:\/\/sherpagranada.com\/blog\/carlos-soria\/","title":{"rendered":"Carlos Soria"},"content":{"rendered":"<p><img loading=\"lazy\" class=\"wp-image-965 size-medium alignnone\" src=\"https:\/\/sherpagranada.com\/blog\/wp-content\/uploads\/2018\/07\/Carlos-Soria-300x200.jpg\" alt=\"\" width=\"300\" height=\"200\" srcset=\"https:\/\/sherpagranada.com\/blog\/wp-content\/uploads\/2018\/07\/Carlos-Soria-300x200.jpg 300w, https:\/\/sherpagranada.com\/blog\/wp-content\/uploads\/2018\/07\/Carlos-Soria.jpg 550w\" sizes=\"(max-width: 300px) 100vw, 300px\" \/><\/p>\n<h2>Asesor t\u00e9cnico en Deportes Sherpa Granada<\/h2>\n<p>Carlos Soria, alpinista de 79 a\u00f1os con gran experiencia en Himalaya.<\/p>\n<p>Su reto de hacer cumbre en los catorce ochomiles est\u00e1 cada vez m\u00e1s cerca. Actualmente se prepara para viajar a Nepal y volver a intentar hacer cumbre en el Dhaulagiri. Despu\u00e9s del intento de la primavera pasada, en el que tuvo que abandonar por las malas condiciones meteorol\u00f3gicas.<\/p>\n<p><iframe loading=\"lazy\" width=\"500\" height=\"281\" src=\"https:\/\/www.youtube.com\/embed\/JQ_BeRH1P3k?feature=oembed\" frameborder=\"0\" allow=\"autoplay; encrypted-media\" allowfullscreen><\/iframe><\/p>\n<p>&nbsp;<\/p>\n<p>&nbsp;<\/p>\n<p>&nbsp;<\/p>\n","protected":false},"excerpt":{"rendered":"<p>Asesor t\u00e9cnico en Deportes Sherpa Granada Carlos Soria, alpinista de 79 a\u00f1os con gran experiencia en Himalaya. Su reto de hacer cumbre en los catorce ochomiles est\u00e1 cada vez m\u00e1s cerca. Actualmente se prepara para viajar a Nepal y volver a intentar hacer cumbre en el Dhaulagiri. Despu\u00e9s del intento de la primavera pasada, en [&hellip;]<\/p>\n","protected":false},"author":3,"featured_media":0,"parent":0,"menu_order":0,"comment_status":"open","ping_status":"closed","template":"","meta":[],"yoast_head":"<!-- This site is optimized with the Yoast SEO plugin v15.9.2 - https:\/\/yoast.com\/wordpress\/plugins\/seo\/ -->\n<title>Carlos Soria - Deportes Sherpa Granada<\/title>\n<link rel=\"canonical\" href=\"https:\/\/sherpagranada.com\/blog\/carlos-soria\/\" \/>\n<meta property=\"og:locale\" content=\"es_ES\" \/>\n<meta property=\"og:type\" content=\"article\" \/>\n<meta property=\"og:title\" content=\"Carlos Soria - Deportes Sherpa Granada\" \/>\n<meta property=\"og:description\" content=\"Asesor t\u00e9cnico en Deportes Sherpa Granada Carlos Soria, alpinista de 79 a\u00f1os con gran experiencia en Himalaya. Su reto de hacer cumbre en los catorce ochomiles est\u00e1 cada vez m\u00e1s cerca. Actualmente se prepara para viajar a Nepal y volver a intentar hacer cumbre en el Dhaulagiri. Despu\u00e9s del intento de la primavera pasada, en [&hellip;]\" \/>\n<meta property=\"og:url\" content=\"https:\/\/sherpagranada.com\/blog\/carlos-soria\/\" \/>\n<meta property=\"og:site_name\" content=\"Deportes Sherpa Granada\" \/>\n<meta property=\"article:modified_time\" content=\"2018-09-25T09:22:17+00:00\" \/>\n<meta property=\"og:image\" content=\"https:\/\/sherpagranada.com\/blog\/wp-content\/uploads\/2018\/07\/Carlos-Soria-300x200.jpg\" \/>\n<meta name=\"twitter:card\" content=\"summary_large_image\" \/>\n<script type=\"application\/ld+json\" class=\"yoast-schema-graph\">{\"@context\":\"https:\/\/schema.org\",\"@graph\":[{\"@type\":\"WebSite\",\"@id\":\"https:\/\/sherpagranada.com\/blog\/#website\",\"url\":\"https:\/\/sherpagranada.com\/blog\/\",\"name\":\"Deportes Sherpa Granada\",\"description\":\"Blog sobre deportes de monta\\u00f1a\",\"potentialAction\":[{\"@type\":\"SearchAction\",\"target\":\"https:\/\/sherpagranada.com\/blog\/?s={search_term_string}\",\"query-input\":\"required name=search_term_string\"}],\"inLanguage\":\"es\"},{\"@type\":\"ImageObject\",\"@id\":\"https:\/\/sherpagranada.com\/blog\/carlos-soria\/#primaryimage\",\"inLanguage\":\"es\",\"url\":\"https:\/\/sherpagranada.com\/blog\/wp-content\/uploads\/2018\/07\/Carlos-Soria.jpg\",\"width\":\"550\",\"height\":\"367\"},{\"@type\":\"WebPage\",\"@id\":\"https:\/\/sherpagranada.com\/blog\/carlos-soria\/#webpage\",\"url\":\"https:\/\/sherpagranada.com\/blog\/carlos-soria\/\",\"name\":\"Carlos Soria - Deportes Sherpa Granada\",\"isPartOf\":{\"@id\":\"https:\/\/sherpagranada.com\/blog\/#website\"},\"primaryImageOfPage\":{\"@id\":\"https:\/\/sherpagranada.com\/blog\/carlos-soria\/#primaryimage\"},\"datePublished\":\"2018-07-19T10:39:38+00:00\",\"dateModified\":\"2018-09-25T09:22:17+00:00\",\"breadcrumb\":{\"@id\":\"https:\/\/sherpagranada.com\/blog\/carlos-soria\/#breadcrumb\"},\"inLanguage\":\"es\",\"potentialAction\":[{\"@type\":\"ReadAction\",\"target\":[\"https:\/\/sherpagranada.com\/blog\/carlos-soria\/\"]}]},{\"@type\":\"BreadcrumbList\",\"@id\":\"https:\/\/sherpagranada.com\/blog\/carlos-soria\/#breadcrumb\",\"itemListElement\":[{\"@type\":\"ListItem\",\"position\":1,\"item\":{\"@type\":\"WebPage\",\"@id\":\"https:\/\/sherpagranada.com\/blog\/\",\"url\":\"https:\/\/sherpagranada.com\/blog\/\",\"name\":\"Home\"}},{\"@type\":\"ListItem\",\"position\":2,\"item\":{\"@type\":\"WebPage\",\"@id\":\"https:\/\/sherpagranada.com\/blog\/carlos-soria\/\",\"url\":\"https:\/\/sherpagranada.com\/blog\/carlos-soria\/\",\"name\":\"Carlos Soria\"}}]}]}<\/script>\n<!-- \/ Yoast SEO plugin. -->","_links":{"self":[{"href":"https:\/\/sherpagranada.com\/blog\/wp-json\/wp\/v2\/pages\/964"}],"collection":[{"href":"https:\/\/sherpagranada.com\/blog\/wp-json\/wp\/v2\/pages"}],"about":[{"href":"https:\/\/sherpagranada.com\/blog\/wp-json\/wp\/v2\/types\/page"}],"author":[{"embeddable":true,"href":"https:\/\/sherpagranada.com\/blog\/wp-json\/wp\/v2\/users\/3"}],"replies":[{"embeddable":true,"href":"https:\/\/sherpagranada.com\/blog\/wp-json\/wp\/v2\/comments?post=964"}],"version-history":[{"count":7,"href":"https:\/\/sherpagranada.com\/blog\/wp-json\/wp\/v2\/pages\/964\/revisions"}],"predecessor-version":[{"id":1106,"href":"https:\/\/sherpagranada.com\/blog\/wp-json\/wp\/v2\/pages\/964\/revisions\/1106"}],"wp:attachment":[{"href":"https:\/\/sherpagranada.com\/blog\/wp-json\/wp\/v2\/media?parent=964"}],"curies":[{"name":"wp","href":"https:\/\/api.w.org\/{rel}","templated":true}]}}